{"id":3640,"date":"2025-06-05T04:01:12","date_gmt":"2025-06-05T04:01:12","guid":{"rendered":"https:\/\/aberturasalmondo.com\/?post_type=product&#038;p=3640"},"modified":"2025-06-30T02:38:20","modified_gmt":"2025-06-30T02:38:20","slug":"ventana-ventiluz-linea-modena","status":"publish","type":"product","link":"https:\/\/aberturasalmondo.com\/?product=ventana-ventiluz-linea-modena","title":{"rendered":"Ventana Ventiluz &#8211; L\u00ednea M\u00f3dena"},"content":{"rendered":"<p><span style=\"vertical-align: inherit;\">El <strong>Ventiluz L\u00ednea Modena<\/strong> es una estructura de alta resistencia, ideal para ofrecer soporte y visibilidad en instalaciones comerciales, publicitarias y de se\u00f1alizaci\u00f3n. Fabricada con materiales de calidad y tecnolog\u00eda avanzada.<\/span><br \/>\n<br \/>\n\u00a1Dale un nuevo aire a tus espacios y disfrut\u00e1 de la calidad y el dise\u00f1o!<br \/>\n<\/p>\n<hr>\n","protected":false},"excerpt":{"rendered":"<div class=\"producto-descripcion\">\n<br \/>\n<strong>Descripci\u00f3n del producto<\/strong> : VENTANA VENTILUZ \u2013 L. MODENA<\/p>\n<ul style=\"margin-bottom: 0px;\">\n<li>Color Blanco<\/li>\n<li>Tapajunta<\/li>\n<li>Vidrios FLOAT 4 mm<\/li>\n<\/ul>\n<p><span class=\"producto-presupuesto\"><br \/>\n<img decoding=\"async\" draggable=\"false\" role=\"img\" class=\"emoji\" alt=\"\ud83d\udcd0\" src=\"https:\/\/s.w.org\/images\/core\/emoji\/15.1.0\/svg\/1f4d0.svg\"> \u00bfNecesit\u00e1s otra medida? <a href=\"https:\/\/aberturasalmondo.com\/?page_id=2756&amp;v=8985c1d64f80\">Hac\u00e9 clic aqu\u00ed para solicitar un presupuesto personalizado<\/a>.<br \/>\n<\/span><br \/>\n<strong>Medidas disponibles<\/strong> (ancho x alto)<\/p>\n<div class=\"producto-envio\">\ud83d\ude9b Los costos de envio se acuerdan con el vendedor.<\/div>\n<\/div>\n","protected":false},"featured_media":3197,"comment_status":"closed","ping_status":"closed","template":"","meta":{"om_disable_all_campaigns":false,"_uag_custom_page_level_css":"","site-sidebar-layout":"default","site-content-layout":"content-boxed-container","ast-site-content-layout":"normal-width-container","site-content-style":"boxed","site-sidebar-style":"unboxed","ast-global-header-display":"","ast-banner-title-visibility":"","ast-main-header-display":"","ast-hfb-above-header-display":"","ast-hfb-below-header-display":"","ast-hfb-mobile-header-display":"","site-post-title":"","ast-breadcrumbs-content":"","ast-featured-img":"","footer-sml-layout":"","theme-transparent-header-meta":"default","adv-header-id-meta":"","stick-header-meta":"","header-above-stick-meta":"","header-main-stick-meta":"","header-below-stick-meta":"","astra-migrate-meta-layouts":"set","ast-page-background-enabled":"default","ast-page-background-meta":{"desktop":{"background-color":"var(--ast-global-color-4)","background-image":"","background-repeat":"repeat","background-position":"center center","background-size":"auto","background-attachment":"scroll","background-type":"","background-media":"","overlay-type":"","overlay-color":"","overlay-opacity":"","overlay-gradient":""},"tablet":{"background-color":"","background-image":"","background-repeat":"repeat","background-position":"center center","background-size":"auto","background-attachment":"scroll","background-type":"","background-media":"","overlay-type":"","overlay-color":"","overlay-opacity":"","overlay-gradient":""},"mobile":{"background-color":"","background-image":"","background-repeat":"repeat","background-position":"center center","background-size":"auto","background-attachment":"scroll","background-type":"","background-media":"","overlay-type":"","overlay-color":"","overlay-opacity":"","overlay-gradient":""}},"ast-content-background-meta":{"desktop":{"background-color":"var(--ast-global-color-5)","background-image":"","background-repeat":"repeat","background-position":"center center","background-size":"auto","background-attachment":"scroll","background-type":"","background-media":"","overlay-type":"","overlay-color":"","overlay-opacity":"","overlay-gradient":""},"tablet":{"background-color":"var(--ast-global-color-5)","background-image":"","background-repeat":"repeat","background-position":"center center","background-size":"auto","background-attachment":"scroll","background-type":"","background-media":"","overlay-type":"","overlay-color":"","overlay-opacity":"","overlay-gradient":""},"mobile":{"background-color":"var(--ast-global-color-5)","background-image":"","background-repeat":"repeat","background-position":"center center","background-size":"auto","background-attachment":"scroll","background-type":"","background-media":"","overlay-type":"","overlay-color":"","overlay-opacity":"","overlay-gradient":""}}},"product_brand":[],"product_cat":[58,16,33],"product_tag":[],"class_list":{"0":"post-3640","1":"product","2":"type-product","3":"status-publish","4":"has-post-thumbnail","6":"product_cat-aberturas","7":"product_cat-ventana","8":"product_cat-ventana-ventiluz","9":"desktop-align-left","10":"tablet-align-left","11":"mobile-align-left","13":"first","14":"instock","15":"sale","16":"shipping-taxable","17":"purchasable","18":"product-type-variable"},"uagb_featured_image_src":{"full":["https:\/\/aberturasalmondo.com\/wp-content\/uploads\/2025\/05\/Banderola.png",462,464,false],"thumbnail":["https:\/\/aberturasalmondo.com\/wp-content\/uploads\/2025\/05\/Banderola-150x150.png",150,150,true],"medium":["https:\/\/aberturasalmondo.com\/wp-content\/uploads\/2025\/05\/Banderola-300x300.png",300,300,true],"medium_large":["https:\/\/aberturasalmondo.com\/wp-content\/uploads\/2025\/05\/Banderola.png",462,464,false],"large":["https:\/\/aberturasalmondo.com\/wp-content\/uploads\/2025\/05\/Banderola.png",462,464,false],"1536x1536":["https:\/\/aberturasalmondo.com\/wp-content\/uploads\/2025\/05\/Banderola.png",462,464,false],"2048x2048":["https:\/\/aberturasalmondo.com\/wp-content\/uploads\/2025\/05\/Banderola.png",462,464,false],"woocommerce_thumbnail":["https:\/\/aberturasalmondo.com\/wp-content\/uploads\/2025\/05\/Banderola-300x300.png",300,300,true],"woocommerce_single":["https:\/\/aberturasalmondo.com\/wp-content\/uploads\/2025\/05\/Banderola.png",462,464,false],"woocommerce_gallery_thumbnail":["https:\/\/aberturasalmondo.com\/wp-content\/uploads\/2025\/05\/Banderola-100x100.png",100,100,true]},"uagb_author_info":{"display_name":"Aberturas Almondo","author_link":"https:\/\/aberturasalmondo.com\/?author=0"},"uagb_comment_info":0,"uagb_excerpt":"Descripci\u00f3n del producto : VENTANA VENTILUZ \u2013 L. MODENA Color Blanco Tapajunta Vidrios FLOAT 4 mm \u00bfNecesit\u00e1s otra medida? Hac\u00e9 clic aqu\u00ed para solicitar un presupuesto personalizado. Medidas disponibles (ancho x alto) \ud83d\ude9b Los costos de envio se acuerdan con el vendedor.","_links":{"self":[{"href":"https:\/\/aberturasalmondo.com\/index.php?rest_route=\/wp\/v2\/product\/3640","targetHints":{"allow":["GET"]}}],"collection":[{"href":"https:\/\/aberturasalmondo.com\/index.php?rest_route=\/wp\/v2\/product"}],"about":[{"href":"https:\/\/aberturasalmondo.com\/index.php?rest_route=\/wp\/v2\/types\/product"}],"replies":[{"embeddable":true,"href":"https:\/\/aberturasalmondo.com\/index.php?rest_route=%2Fwp%2Fv2%2Fcomments&post=3640"}],"wp:featuredmedia":[{"embeddable":true,"href":"https:\/\/aberturasalmondo.com\/index.php?rest_route=\/wp\/v2\/media\/3197"}],"wp:attachment":[{"href":"https:\/\/aberturasalmondo.com\/index.php?rest_route=%2Fwp%2Fv2%2Fmedia&parent=3640"}],"wp:term":[{"taxonomy":"product_brand","embeddable":true,"href":"https:\/\/aberturasalmondo.com\/index.php?rest_route=%2Fwp%2Fv2%2Fproduct_brand&post=3640"},{"taxonomy":"product_cat","embeddable":true,"href":"https:\/\/aberturasalmondo.com\/index.php?rest_route=%2Fwp%2Fv2%2Fproduct_cat&post=3640"},{"taxonomy":"product_tag","embeddable":true,"href":"https:\/\/aberturasalmondo.com\/index.php?rest_route=%2Fwp%2Fv2%2Fproduct_tag&post=3640"}],"curies":[{"name":"wp","href":"https:\/\/api.w.org\/{rel}","templated":true}]}}