{"id":1002,"date":"2024-12-23T14:29:17","date_gmt":"2024-12-23T14:29:17","guid":{"rendered":"https:\/\/aberturasalmondo.com\/about\/"},"modified":"2025-07-08T02:42:10","modified_gmt":"2025-07-08T02:42:10","slug":"about","status":"publish","type":"page","link":"https:\/\/aberturasalmondo.com\/?page_id=1002","title":{"rendered":"NOSOTROS"},"content":{"rendered":"\n<style>\ndiv#slider \n{    overflow: hidden;\n    background-color: #1D1D1D;    \n    \/*background: linear-gradient(0deg, rgb(164 209 255 \/ 50%) 0%, rgb(28 31 30) 53%, rgb(90 82 82 \/ 9%) 95%, rgba(0, 0, 0, 0.2) 58%), #ddd \n    url(https:\/\/aberturasalmondo.com\/wp-content\/uploads\/2025\/04\/nosotrosBackgroud2.jpg) left 0px no-repeat;  \n    background-size: cover; *\/ \n  &:before {\n    content: '';\n    position: sticky;\n    top: 50%;\n    left: 0%;\n    bottom: 0px;\n    transform: translateX(-50%);\n    width: 200%;\n    height: 22px;\n    background-color: #4c4c4c;\n    display: block;\n\t \n\t}\n}\n\ndiv#slider .entries {  \n  animation: 24s slidy infinite;  \/*el movimiento se va a mantener de forma indefinida -infinito-*\/  \n  \n}\n\n\n\n.slider-content \n{   \n  background-color: #1D1D1D;\n  margin: 0;\n\n .entries \n {\n   width:300vw;\n   height: 100vh;\n   margin:auto;  \n   position:relative;   \n   display:flex;\n   align-items:anchor-center;   \n   left:-5px;\n   font-family: 'Droid Sans', sans-serif;\n\t\n\t.entry \n\t{     \n      \/*float:left; *\/\n      padding:40px;\n      clear:both;\n      text-align:right;\n\t  \/*height: 20rem;*\/\n\t  display:block;\t  \n\t  height:100%; \/*Para varios navegadores*\/\t \n\n\t  \n      &:not(:first-child) \n\t  {\n\t\t\/*margin-top:-40px;*\/\n      }\n        .point\n\t\t{\n\t\t\tposition: relative;\t\t\t\n\t\t\tleft:0px;\t\t\t\n\t\t\theight: 5%;\n\t\t\ttop: -3%;\n\t\t\t\n\t\t\t&:before {\n\t\t\t  content: '';\n\t\t\t  position: absolute;\n\t\t\t  width:6px;\n\t\t\t  height:6px;\n\t\t\t  border:2px solid #27cbdf;\n\t\t\t  background-color:#16B5FA;\n\t\t\t  border-radius:100%;\n\t\t\t  top: 50%;       \n\t\t\t  left:0px;\t\t  \n\t\t\t  transform:translate(25px,5.5vh);\t\t  \n\t\t\t  \/*right:20%;*\/\n\t\t\t  z-index:1000;\n\t\t\t  \n\t\t\t}\n\t\t\t&.big:before \n\t\t\t{\n\t\t\t  width: 9px;\n\t\t\t  height: 9px;\n\t\t\t  transform: translate(15px, 7vh);\n\t\t\t}\t\n\t\t}\n            .title \n\t\t\t{\n\t\t\t\tfont-size:1.7rem;\n\t\t\t\ttext-shadow: 1px 3px 3px #161414;\n\t\t\t\tcolor:#fff;\t\t\t\t\n\t\t\t\tposition: relative;\n                                height:0.1rem;\t\t\t\t\n\t\t\t\t\/*transform: translate(36px, 29%);*\/\n\t\t\t\ttext-align: justify;\n\t\t\t\tmargin-bottom:5px;\n\t\t\t}\n\t\t\t.entry-body \n\t\t\t{\n\t\t\t\t padding-top:0.9rem;\n                                 color:#eaeaea;\n\t\t\t         position:relative;                                 \t\t\t\n\t\t\t\tp {\n\t\t\t\t  padding: 14px;\n\t\t\t      border-radius: 10px;\n\t\t\t\t  background: linear-gradient(rgb(63 62 62 \/ 60%), rgb(106 106 108 \/ 60%));\n\t\t\t\t  line-height:1.4em;\n\t\t\t\t  text-shadow: 1px 3px 3px #161414;\n\t\t\t\t}\n\t\t\t}\n      &:nth-child(2n) {\n        text-align:left;\n        float:right;\n        .title {\n          &:before {\n            left:70px;\n          }\n          &.big:before {\n            transform:translate(40px,54%);\n          }\n        }\n      }\n          .entry-picture\n           {\n            padding-top:10%;\n           }\n\t   img {\n\t\tborder: 2px solid #cecaca;\n                border-radius: 4px;    \n                         \n                object-fit: scale-down;\n              }\n\n\t\t\t\/* Add a hover effect (blue shadow) *\/\n\t\t\timg:hover {\n\t\t\t  box-shadow: 0 0 2px 1px rgba(0, 140, 186, 0.5);\n                          -webkit-transform:scale(1.3);transform:scale(1.3);\n\t\t\t}\n\t\t}\n\t}\n}\n\n@media (max-width: 768px) {\n\n.slider-content {\n    & .entries {\n        & .entry {\n            & .point {\t\t\n\t\t\t\t\n                &:before {\n\t\t\t\t\t\ttransform: translate(25px,3.5vh);\n\t\t\t\t\t}\n\t\t\t\t}\n\t\t\t\t.title\n\t\t\t\t{\n\t\t\t\t}\n\t\t\t\t}\n\t\t\t\t}\t\t\t\t\n\t\t\t\t}\n\n\n\n  .slider-content {\n   & .entries {\n   height:80vh;\n\t\t\t.entry {\n\t\t\t\twidth:80vw;\n\t\t\t\t\n\t\t\t   .entry-picture\n\t\t\t   {\n\t\t\t\t height:45%;\t\t\t   \n                                 display: flow;\n                                 align-content: flex-end;\n                             img \n                             {\n                               height: 180px;     \n                             }\n\t\t\t   }\n\t\t\t\t.title\n\t\t\t\t{\n\t\t\t\t\ttop: -6%;\n\t\t\t\t}\n\t\t\t\t.entry-body\n\t\t\t\t{\n\t\t\t\t top: 1%;\n\t\t\t\t}\n\t\t\t}\n\t\t}\n\t}\n\n    .entry-body .title\n    {\n      font-size: 1.5rem;\n    }\n   .entry-body p    {\n\t\tfont-size: 0.9rem;\n\t\tdisplay: inline-grid;\n    }\n\n.entry img\n{    \n    \/*width: 160px !important; *\/\n   \/*transform: translate(0%, -48%) !important;*\/\n\n}\n\t\n\/*esta parte del c\u00f3digo define el movimiento de las im\u00e1genes a la izquierda*\/\n@keyframes slidy {\n0%   { left: 0%; }\n20%  { left: 0%; }\n25%  { left: -75%; }\n45%  { left: -75%; }\n50%  { left: -170%; }\n70%  { left: -170%; }\n75%  { left: -240%; }\n95%  { left: -240%; }\n99% { left: -350%; }\n100% { left: -350%; }\n}\n\n\n\n}\n\n\n@media (min-width: 769px) {\n   \n  .slider-content {\n&\t .entries {\n\t\t\t.entry {\n\t\t\t\twidth:20vw;\n\t\t\t\t\n\t\t\t   .entry-picture\n\t\t\t   {\n                              \n                              height: 44%;                             \n                              display: flex;\n                              align-items: flex-end;\n                              \n                              img \n                              {\n                                height: 260px;     \n                              }\n\t\t\t\t \n\t\t\t   }\n\t\t\t\t.title\n\t\t\t\t{\n\t\t\t\t\ttop: 1%;\n\t\t\t\t}\n\t\t\t\t.entry-body\n\t\t\t\t{\n\t\t\t\t top: 3%;\n\t\t\t\t}\n\t\t\t}\n\t\t}\n\t}\t\n\t\n   .entry-body .title  {\n      font-size: 2.1rem;\n       \n    }\n   .entry-body p    {\n       font-size: 1.1rem; \n\n     \n    }\n.entry-body\n{\nmax-width:48vw;\n  }\t\n  \n\n\t\/*esta parte del c\u00f3digo define el movimiento de las im\u00e1genes a la izquierda *\/\n@keyframes slidy {\n0%   { left: 0%; }\n20%  { left: 0%; }\n25%  { left: -30%; }\n35%  { left: -30%; }\n45%  { left: -48%; }\n50%  { left: -48%; }\n60%  { left: -65%; }\n70%  { left: -65%; }\n75%  { left: -91%; }\n85%  { left: -91%; }\n90% { left: -100%; }\n99% { left: -200%; } \n100% { left: -300%; } \n}\n}\n<\/style>\n\n<div id=\"slider\" class=\"slider-content\">\t\n\t <div class=\"entries\">\n\t\t  <div class=\"entry\">\t\n            <div class=\"entry-picture\">\t\t  \n\t\t\t\t<img decoding=\"async\" src=\"https:\/\/aberturasalmondo.com\/wp-content\/uploads\/2025\/03\/almondo-1-1.jpg\" \/>\n\t\t\t<\/div>\n\t\t\t<div class=\"point\"><\/div>  \n\t\t\t<div class=\"title\"><\/div>\n\t\t\t<div class=\"entry-body\">\t\t\t \n\t\t\t  <p>Con m\u00e1s de 15 a\u00f1os de experiencia en el desarrollo y fabricaci\u00f3n de soluciones en aluminio, nos especializamos en cerramientos de fachadas y sistemas de carpinter\u00eda a medida. Nuestro equipo est\u00e1 conformado por profesionales altamente capacitados, garantizando productos de alta calidad y eficiencia.<\/p>\n\t\t\t<\/div>\n\t\t  <\/div>\n\t\t  <div class=\"entry\">\n\t\t   <div class=\"entry-picture\">\t\n\t                <img decoding=\"async\" src=\"https:\/\/aberturasalmondo.com\/wp-content\/uploads\/2024\/12\/portada_1.png\" \/>\t\n\t\t   <\/div>\n\t\t   <div class=\"point\"><\/div> \n\t\t\t<div class=\"title\"><\/div>\n\t\t\t<div class=\"entry-body\">\n\t\t\t  <p>Nos gu\u00edan valores esenciales como la calidad, la sostenibilidad y un servicio al cliente excepcional. Nuestro compromiso es transformar ideas en soluciones innovadoras y personalizadas.<\/p>\n\t\t\t<\/div>\n\t\t  <\/div>\n\t\t  <div class=\"entry\">\n\t\t   <div class=\"entry-picture\">\n\t\t\t <img decoding=\"async\" src=\"https:\/\/aberturasalmondo.com\/wp-content\/uploads\/2025\/06\/Nosotros2024_2.png\" \/>\n\t\t   <\/div>\n\t\t    <div class=\"point\"><\/div> \n\t\t\t<div class=\"title big\"><\/div>\n\t\t\t<div class=\"entry-body\">\n\t\t\t  <p>Con una visi\u00f3n clara hacia el futuro, seguimos innovando en cada proyecto, combinando tecnolog\u00eda, experiencia y un enfoque basado en la seguridad y la transparencia<\/p>\n\t\t\t<\/div>\n\t\t  <\/div>\n  <div class=\"entry\">\n\t\t   <div class=\"entry-picture\">\n\t\t\t <img decoding=\"async\" src=\"https:\/\/aberturasalmondo.com\/wp-content\/uploads\/2025\/06\/Nosotros2025_3.png\" \/>\n\t\t   <\/div>\n\t\t    <div class=\"point\"><\/div> \n\t\t\t<div class=\"title big\"><\/div>\n\t\t\t<div class=\"entry-body\">\n\t\t\t  <p>\u00a1Abrimos una nueva sucursal en la Calera! Seguimos creciendo para estar m\u00e1s cerca de vos<\/p>\n\t\t\t<\/div>\n\t\t  <\/div>\t\t\t\t\n\t<\/div>\n<\/div>\n\n<div style=\"margin-top: 2.5rem;\" >\n<!-- INSTAGRAM & GOOGLE MAPS -->\n<script src=\"https:\/\/static.elfsight.com\/platform\/platform.js\" async><\/script>\n<div class=\"elfsight-app-d00ea94b-c5b2-4653-9f57-51a65020d8e0\" data-elfsight-app-lazy><\/div>\n<script src=\"https:\/\/static.elfsight.com\/platform\/platform.js\" async><\/script>\n<div class=\"elfsight-app-cf3ec7cc-e323-49a8-b63f-1bc0fd9f9867\" data-elfsight-app-lazy><\/div>\n<\/div>\n\n\n\n<p><\/p>\n\n\n\n<p><\/p>\n","protected":false},"excerpt":{"rendered":"<p>Con m\u00e1s de 15 a\u00f1os de experiencia en el desarrollo y fabricaci\u00f3n de soluciones en aluminio, nos especializamos en cerramientos de fachadas y sistemas de carpinter\u00eda a medida. Nuestro equipo est\u00e1 conformado por profesionales altamente capacitados, garantizando productos de alta calidad y eficiencia. Nos gu\u00edan valores esenciales como la calidad, la sostenibilidad y un servicio [&hellip;]<\/p>\n","protected":false},"author":1,"featured_media":0,"parent":0,"menu_order":0,"comment_status":"closed","ping_status":"closed","template":"","meta":{"om_disable_all_campaigns":false,"_uag_custom_page_level_css":"","site-sidebar-layout":"no-sidebar","site-content-layout":"plain-container","ast-site-content-layout":"normal-width-container","site-content-style":"unboxed","site-sidebar-style":"unboxed","ast-global-header-display":"","ast-banner-title-visibility":"","ast-main-header-display":"","ast-hfb-above-header-display":"","ast-hfb-below-header-display":"","ast-hfb-mobile-header-display":"","site-post-title":"disabled","ast-breadcrumbs-content":"","ast-featured-img":"disabled","footer-sml-layout":"","theme-transparent-header-meta":"disabled","adv-header-id-meta":"","stick-header-meta":"","header-above-stick-meta":"","header-main-stick-meta":"","header-below-stick-meta":"","astra-migrate-meta-layouts":"set","ast-page-background-enabled":"default","ast-page-background-meta":{"desktop":{"background-color":"var(--ast-global-color-4)","background-image":"","background-repeat":"repeat","background-position":"center center","background-size":"auto","background-attachment":"scroll","background-type":"","background-media":"","overlay-type":"","overlay-color":"","overlay-opacity":"","overlay-gradient":""},"tablet":{"background-color":"","background-image":"","background-repeat":"repeat","background-position":"center center","background-size":"auto","background-attachment":"scroll","background-type":"","background-media":"","overlay-type":"","overlay-color":"","overlay-opacity":"","overlay-gradient":""},"mobile":{"background-color":"","background-image":"","background-repeat":"repeat","background-position":"center center","background-size":"auto","background-attachment":"scroll","background-type":"","background-media":"","overlay-type":"","overlay-color":"","overlay-opacity":"","overlay-gradient":""}},"ast-content-background-meta":{"desktop":{"background-color":"var(--ast-global-color-5)","background-image":"","background-repeat":"repeat","background-position":"center center","background-size":"auto","background-attachment":"scroll","background-type":"","background-media":"","overlay-type":"","overlay-color":"","overlay-opacity":"","overlay-gradient":""},"tablet":{"background-color":"var(--ast-global-color-5)","background-image":"","background-repeat":"repeat","background-position":"center center","background-size":"auto","background-attachment":"scroll","background-type":"","background-media":"","overlay-type":"","overlay-color":"","overlay-opacity":"","overlay-gradient":""},"mobile":{"background-color":"var(--ast-global-color-5)","background-image":"","background-repeat":"repeat","background-position":"center center","background-size":"auto","background-attachment":"scroll","background-type":"","background-media":"","overlay-type":"","overlay-color":"","overlay-opacity":"","overlay-gradient":""}},"footnotes":""},"class_list":["post-1002","page","type-page","status-publish","hentry"],"_hostinger_reach_plugin_has_subscription_block":false,"_hostinger_reach_plugin_is_elementor":false,"uagb_featured_image_src":{"full":false,"thumbnail":false,"medium":false,"medium_large":false,"large":false,"1536x1536":false,"2048x2048":false,"woocommerce_thumbnail":false,"woocommerce_single":false,"woocommerce_gallery_thumbnail":false},"uagb_author_info":{"display_name":"Almondo Aberturas","author_link":"https:\/\/aberturasalmondo.com\/?author=1"},"uagb_comment_info":0,"uagb_excerpt":"Con m\u00e1s de 15 a\u00f1os de experiencia en el desarrollo y fabricaci\u00f3n de soluciones en aluminio, nos especializamos en cerramientos de fachadas y sistemas de carpinter\u00eda a medida. Nuestro equipo est\u00e1 conformado por profesionales altamente capacitados, garantizando productos de alta calidad y eficiencia. Nos gu\u00edan valores esenciales como la calidad, la sostenibilidad y un servicio&hellip;","_links":{"self":[{"href":"https:\/\/aberturasalmondo.com\/index.php?rest_route=\/wp\/v2\/pages\/1002","targetHints":{"allow":["GET"]}}],"collection":[{"href":"https:\/\/aberturasalmondo.com\/index.php?rest_route=\/wp\/v2\/pages"}],"about":[{"href":"https:\/\/aberturasalmondo.com\/index.php?rest_route=\/wp\/v2\/types\/page"}],"author":[{"embeddable":true,"href":"https:\/\/aberturasalmondo.com\/index.php?rest_route=\/wp\/v2\/users\/1"}],"replies":[{"embeddable":true,"href":"https:\/\/aberturasalmondo.com\/index.php?rest_route=%2Fwp%2Fv2%2Fcomments&post=1002"}],"version-history":[{"count":222,"href":"https:\/\/aberturasalmondo.com\/index.php?rest_route=\/wp\/v2\/pages\/1002\/revisions"}],"predecessor-version":[{"id":3815,"href":"https:\/\/aberturasalmondo.com\/index.php?rest_route=\/wp\/v2\/pages\/1002\/revisions\/3815"}],"wp:attachment":[{"href":"https:\/\/aberturasalmondo.com\/index.php?rest_route=%2Fwp%2Fv2%2Fmedia&parent=1002"}],"curies":[{"name":"wp","href":"https:\/\/api.w.org\/{rel}","templated":true}]}}